{"id":62,"date":"2019-09-22T23:30:04","date_gmt":"2019-09-22T21:30:04","guid":{"rendered":"http:\/\/rehamoritz-shop.de\/?page_id=62"},"modified":"2025-07-19T13:50:23","modified_gmt":"2025-07-19T11:50:23","slug":"impressum","status":"publish","type":"page","link":"https:\/\/rehamoritz-shop.de\/?page_id=62","title":{"rendered":"Impressum"},"content":{"rendered":"<h6>Kopieren der Daten und Wiedergabe der Texte, auch auszugsweise, nur mit schriftlicher<br \/>\nGenehmigung der Moritz Reha-Hilfen GmbH.<br \/>\nAlle Informationen auf diesen Seiten sind ohne Gew\u00e4hr f\u00fcr ihre Richtigkeit.<br \/>\nWir \u00fcbernehmen keine Haftung f\u00fcr Sch\u00e4den, die sich aus der Verwendung<br \/>\nder abgerufenen Informationen ergeben. Wir verwenden ausschlie\u00dflich eigene Bilder.<\/h6>\n<h6>Haftungshinweis:<br \/>\nTrotz sorgf\u00e4ltiger inhaltlicher Kontrolle \u00fcbernehmen wir keine Haftung<br \/>\nf\u00fcr die Inhalte externer Links. F\u00fcr den Inhalt der verlinkten Seiten sind<br \/>\nausschlie\u00dflich deren Betreiber verantwortlich.<\/h6>\n<h6>Datenschutz: siehe <a href=\"http:\/\/rehamoritz-shop.de\/?page_id=76\">Datenschutzerkl\u00e4rung<\/a><\/h6>\n<h6>Angaben gem\u00e4\u00df \u00a7 5 TMG: Anbieter:<br \/>\nMoritz Reha-Hilfen GmbH<br \/>\nEschweger Stra\u00dfe 10<br \/>\n37281 Wanfried<\/h6>\n<h6>Kontakt<br \/>\nTelefon: 05655-758 98 40<br \/>\nTelefax: 05655-758 98 42<br \/>\nE- Mail: <a href=\"mailto:info@rehamoritz.de\" target=\"_blank\" rel=\"noopener noreferrer\">info@rehamoritz.de<\/a><br \/>\nWebsites: <a href=\"http:\/\/www.rehamoritz.de\" target=\"_blank\" rel=\"noopener noreferrer\">www.rehamoritz.de<\/a>, <a href=\"http:\/\/www.rehamoritz-shop2.de\">www.rehamoritz-shop2.de<\/a><br \/>\nShop: <a href=\"http:\/\/www.rehamoritz-shop.de\">www.rehamoritz-shop.de<\/a><\/h6>\n<h6>Registergericht: Amtsgericht Eschwege<br \/>\nRegisternummer: HRB 3314<\/h6>\n<h6>Gesch\u00e4ftsf\u00fchrer: Adrian Frinken<\/h6>\n<h6>Umsatzsteuer-ID:<br \/>\nUmsatzsteuer-Identifikationsnummer<br \/>\nnach \u00a727a Umsatzsteuergesetz: DE 318 390 753<\/h6>\n<h6>Verantwortlich f\u00fcr den Inhalt gem. \u00a7 55 Abs. 2 RStV:<br \/>\nGesch\u00e4ftsf\u00fchrer: Adrian Frinken<br \/>\nMoritz Reha-Hilfen GmbH<br \/>\nEschweger Stra\u00dfe 10<br \/>\n37281 Wanfried<br \/>\nTel.: 05655-758 98 40<br \/>\nFax: 05655-758 98 42<\/h6>\n<h6>Wir sind weder bereit noch verpflichtet, an einem Streitbeilegungsverfahren vor einer Verbraucherschlichtungsstelle teilzunehmen.<\/h6>\n","protected":false},"excerpt":{"rendered":"<p>Kopieren der Daten und Wiedergabe der Texte, auch auszugsweise, nur mit schriftlicher Genehmigung der Moritz Reha-Hilfen GmbH. Alle Informationen auf diesen Seiten sind ohne Gew\u00e4hr f\u00fcr ihre Richtigkeit. Wir \u00fcbernehmen keine Haftung f\u00fcr Sch\u00e4den, die sich aus der Verwendung der abgerufenen Informationen ergeben. Wir verwenden ausschlie\u00dflich eigene Bilder. Haftungshinweis: Trotz sorgf\u00e4ltiger inhaltlicher Kontrolle \u00fcbernehmen wir [&hellip;]<\/p>\n","protected":false},"author":1,"featured_media":0,"parent":0,"menu_order":0,"comment_status":"closed","ping_status":"closed","template":"","meta":{"footnotes":""},"class_list":["post-62","page","type-page","status-publish","hentry","entry"],"_links":{"self":[{"href":"https:\/\/rehamoritz-shop.de\/index.php?rest_route=\/wp\/v2\/pages\/62","targetHints":{"allow":["GET"]}}],"collection":[{"href":"https:\/\/rehamoritz-shop.de\/index.php?rest_route=\/wp\/v2\/pages"}],"about":[{"href":"https:\/\/rehamoritz-shop.de\/index.php?rest_route=\/wp\/v2\/types\/page"}],"author":[{"embeddable":true,"href":"https:\/\/rehamoritz-shop.de\/index.php?rest_route=\/wp\/v2\/users\/1"}],"replies":[{"embeddable":true,"href":"https:\/\/rehamoritz-shop.de\/index.php?rest_route=%2Fwp%2Fv2%2Fcomments&post=62"}],"version-history":[{"count":14,"href":"https:\/\/rehamoritz-shop.de\/index.php?rest_route=\/wp\/v2\/pages\/62\/revisions"}],"predecessor-version":[{"id":162,"href":"https:\/\/rehamoritz-shop.de\/index.php?rest_route=\/wp\/v2\/pages\/62\/revisions\/162"}],"wp:attachment":[{"href":"https:\/\/rehamoritz-shop.de\/index.php?rest_route=%2Fwp%2Fv2%2Fmedia&parent=62"}],"curies":[{"name":"wp","href":"https:\/\/api.w.org\/{rel}","templated":true}]}}